{"id":13,"date":"2024-11-07T19:53:03","date_gmt":"2024-11-08T01:53:03","guid":{"rendered":"https:\/\/guatecars.com\/shop\/"},"modified":"2025-03-11T11:46:36","modified_gmt":"2025-03-11T15:46:36","slug":"shop","status":"publish","type":"page","link":"https:\/\/coinscollectiblesinternational.com\/es\/shop\/","title":{"rendered":"Nuestro cat\u00e1logo"},"content":{"rendered":"","protected":false},"excerpt":{"rendered":"<p>Bienvenido a la tienda de GuateCars. Encuentra repuestos de calidad para motor, carrocer\u00eda, suspensi\u00f3n, accesorios y tapicer\u00eda. Todo lo que tu veh\u00edculo necesita.<\/p>","protected":false},"author":1,"featured_media":27366,"parent":0,"menu_order":0,"comment_status":"closed","ping_status":"closed","template":"","meta":{"_et_pb_use_builder":"","_et_pb_old_content":"","_et_gb_content_width":"","_joinchat":[],"footnotes":""},"class_list":["post-13","page","type-page","status-publish","has-post-thumbnail","hentry"],"aioseo_notices":[],"_links":{"self":[{"href":"https:\/\/coinscollectiblesinternational.com\/es\/wp-json\/wp\/v2\/pages\/13","targetHints":{"allow":["GET"]}}],"collection":[{"href":"https:\/\/coinscollectiblesinternational.com\/es\/wp-json\/wp\/v2\/pages"}],"about":[{"href":"https:\/\/coinscollectiblesinternational.com\/es\/wp-json\/wp\/v2\/types\/page"}],"author":[{"embeddable":true,"href":"https:\/\/coinscollectiblesinternational.com\/es\/wp-json\/wp\/v2\/users\/1"}],"replies":[{"embeddable":true,"href":"https:\/\/coinscollectiblesinternational.com\/es\/wp-json\/wp\/v2\/comments?post=13"}],"version-history":[{"count":5,"href":"https:\/\/coinscollectiblesinternational.com\/es\/wp-json\/wp\/v2\/pages\/13\/revisions"}],"predecessor-version":[{"id":28414,"href":"https:\/\/coinscollectiblesinternational.com\/es\/wp-json\/wp\/v2\/pages\/13\/revisions\/28414"}],"wp:featuredmedia":[{"embeddable":true,"href":"https:\/\/coinscollectiblesinternational.com\/es\/wp-json\/wp\/v2\/media\/27366"}],"wp:attachment":[{"href":"https:\/\/coinscollectiblesinternational.com\/es\/wp-json\/wp\/v2\/media?parent=13"}],"curies":[{"name":"wp","href":"https:\/\/api.w.org\/{rel}","templated":true}]}}